{"id":89,"date":"2013-12-06T11:56:54","date_gmt":"2013-12-06T11:56:54","guid":{"rendered":"https:\/\/sites.ifi.unicamp.br\/padraoteste\/?page_id=30"},"modified":"2017-08-22T12:25:12","modified_gmt":"2017-08-22T12:25:12","slug":"contato","status":"publish","type":"page","link":"https:\/\/sites.ifi.unicamp.br\/zagonel\/contato\/","title":{"rendered":"Contato"},"content":{"rendered":"<p>Entre em contato pelos endere\u00e7os de eletr\u00f4nicos abaixo.<\/p>\n<p><a href=\"https:\/\/sites.ifi.unicamp.br\/zagonel\/files\/2013\/12\/email.png\" rel=\"attachment wp-att-289\"><img loading=\"lazy\" decoding=\"async\" class=\"alignnone size-medium wp-image-289\" src=\"https:\/\/sites.ifi.unicamp.br\/zagonel\/files\/2013\/12\/email-300x72.png\" alt=\"email\" width=\"300\" height=\"72\" srcset=\"https:\/\/sites.ifi.unicamp.br\/zagonel\/files\/2013\/12\/email-300x72.png 300w, https:\/\/sites.ifi.unicamp.br\/zagonel\/files\/2013\/12\/email.png 359w\" sizes=\"auto, (max-width: 300px) 100vw, 300px\" \/><\/a> <a href=\"https:\/\/sites.ifi.unicamp.br\/zagonel\/files\/2013\/12\/email-ifi.png\" rel=\"attachment wp-att-290\"><img loading=\"lazy\" decoding=\"async\" class=\"alignnone size-medium wp-image-290\" src=\"https:\/\/sites.ifi.unicamp.br\/zagonel\/files\/2013\/12\/email-ifi-300x72.png\" alt=\"email ifi\" width=\"300\" height=\"72\" srcset=\"https:\/\/sites.ifi.unicamp.br\/zagonel\/files\/2013\/12\/email-ifi-300x72.png 300w, https:\/\/sites.ifi.unicamp.br\/zagonel\/files\/2013\/12\/email-ifi.png 359w\" sizes=\"auto, (max-width: 300px) 100vw, 300px\" \/><\/a><\/p>\n<h4>Ou presencialmente, indo at\u00e9 a sala do professor.&nbsp;<\/h4>\n<h3>Veja mais sobre <a href=\"https:\/\/sites.ifi.unicamp.br\/zagonel\/ensino\/atendimento-extra-classe\/\">atendimento extraclasse<\/a>.<\/h3>\n<p>&nbsp;<\/p>\n<p>Alternativamente, envie sua mensagem pelo formul\u00e1rio abaixo.<\/p>\n<p>\n<div class=\"wpcf7 no-js\" id=\"wpcf7-f87-o2\" lang=\"pt-BR\" dir=\"ltr\" data-wpcf7-id=\"87\">\n<div class=\"screen-reader-response\"><p role=\"status\" aria-live=\"polite\" aria-atomic=\"true\"><\/p> <ul><\/ul><\/div>\n<form action=\"\/zagonel\/wp-json\/wp\/v2\/pages\/89#wpcf7-f87-o2\" method=\"post\" class=\"wpcf7-form init\" aria-label=\"Formul\u00e1rios de contato\" novalidate=\"novalidate\" data-status=\"init\">\n<fieldset class=\"hidden-fields-container\"><input type=\"hidden\" name=\"_wpcf7\" value=\"87\" \/><input type=\"hidden\" name=\"_wpcf7_version\" value=\"6.1.4\" \/><input type=\"hidden\" name=\"_wpcf7_locale\" value=\"pt_BR\" \/><input type=\"hidden\" name=\"_wpcf7_unit_tag\" value=\"wpcf7-f87-o2\" \/><input type=\"hidden\" name=\"_wpcf7_container_post\" value=\"0\" \/><input type=\"hidden\" name=\"_wpcf7_posted_data_hash\" value=\"\" \/><input type=\"hidden\" name=\"_wpcf7_recaptcha_response\" value=\"\" \/>\n<\/fieldset>\n<p>Seu nome (obrigat\u00f3rio)\n<\/p>\n<p><span class=\"wpcf7-form-control-wrap\" data-name=\"your-name\"><input size=\"40\" maxlength=\"400\" class=\"wpcf7-form-control wpcf7-text wpcf7-validates-as-required\" aria-required=\"true\" aria-invalid=\"false\" value=\"\" type=\"text\" name=\"your-name\" \/><\/span>\n<\/p>\n<p>Seu e-mail (obrigat\u00f3rio)\n<\/p>\n<p><span class=\"wpcf7-form-control-wrap\" data-name=\"your-email\"><input size=\"40\" maxlength=\"400\" class=\"wpcf7-form-control wpcf7-email wpcf7-validates-as-required wpcf7-text wpcf7-validates-as-email\" aria-required=\"true\" aria-invalid=\"false\" value=\"\" type=\"email\" name=\"your-email\" \/><\/span>\n<\/p>\n<p>Assunto\n<\/p>\n<p><span class=\"wpcf7-form-control-wrap\" data-name=\"your-subject\"><input size=\"40\" maxlength=\"400\" class=\"wpcf7-form-control wpcf7-text\" aria-invalid=\"false\" value=\"\" type=\"text\" name=\"your-subject\" \/><\/span>\n<\/p>\n<p>Sua mensagem\n<\/p>\n<p><span class=\"wpcf7-form-control-wrap\" data-name=\"your-message\"><textarea cols=\"40\" rows=\"10\" maxlength=\"2000\" class=\"wpcf7-form-control wpcf7-textarea\" aria-invalid=\"false\" name=\"your-message\"><\/textarea><\/span>\n<\/p>\n<p><br \/>\n<span class=\"wpcf7-form-control-wrap recaptcha\" data-name=\"recaptcha\"><span data-sitekey=\"6LfMACoTAAAAANWWmdfjwUmu3AsDIWUXeBbClrA6\" class=\"wpcf7-form-control wpcf7-recaptcha g-recaptcha\"><\/span>\r\n<noscript>\r\n\t<div class=\"grecaptcha-noscript\">\r\n\t\t<iframe loading=\"lazy\" src=\"https:\/\/www.google.com\/recaptcha\/api\/fallback?k=6LfMACoTAAAAANWWmdfjwUmu3AsDIWUXeBbClrA6\" frameborder=\"0\" scrolling=\"no\" width=\"310\" height=\"430\">\r\n\t\t<\/iframe>\r\n\t\t<textarea name=\"g-recaptcha-response\" rows=\"3\" cols=\"40\" placeholder=\"reCaptcha Response Here\">\r\n\t\t<\/textarea>\r\n\t<\/div>\r\n<\/noscript>\r\n<\/span>\n<\/p>\n<p><input class=\"wpcf7-form-control wpcf7-submit has-spinner\" type=\"submit\" value=\"Enviar\" \/>\n<\/p><div class=\"wpcf7-response-output\" aria-hidden=\"true\"><\/div>\n<\/form>\n<\/div>\n<\/p>","protected":false},"excerpt":{"rendered":"<p>Entre em contato pelos endere\u00e7os de eletr\u00f4nicos abaixo. Ou presencialmente, indo at\u00e9 a sala do professor.&nbsp; Veja mais sobre atendimento extraclasse. &nbsp; Alternativamente, envie sua mensagem pelo formul\u00e1rio abaixo.<\/p>\n","protected":false},"author":146,"featured_media":0,"parent":0,"menu_order":6,"comment_status":"open","ping_status":"open","template":"","meta":{"ngg_post_thumbnail":0,"footnotes":""},"class_list":["post-89","page","type-page","status-publish","hentry","nodate","item-wrap"],"_links":{"self":[{"href":"https:\/\/sites.ifi.unicamp.br\/zagonel\/wp-json\/wp\/v2\/pages\/89","targetHints":{"allow":["GET"]}}],"collection":[{"href":"https:\/\/sites.ifi.unicamp.br\/zagonel\/wp-json\/wp\/v2\/pages"}],"about":[{"href":"https:\/\/sites.ifi.unicamp.br\/zagonel\/wp-json\/wp\/v2\/types\/page"}],"author":[{"embeddable":true,"href":"https:\/\/sites.ifi.unicamp.br\/zagonel\/wp-json\/wp\/v2\/users\/146"}],"replies":[{"embeddable":true,"href":"https:\/\/sites.ifi.unicamp.br\/zagonel\/wp-json\/wp\/v2\/comments?post=89"}],"version-history":[{"count":6,"href":"https:\/\/sites.ifi.unicamp.br\/zagonel\/wp-json\/wp\/v2\/pages\/89\/revisions"}],"predecessor-version":[{"id":422,"href":"https:\/\/sites.ifi.unicamp.br\/zagonel\/wp-json\/wp\/v2\/pages\/89\/revisions\/422"}],"wp:attachment":[{"href":"https:\/\/sites.ifi.unicamp.br\/zagonel\/wp-json\/wp\/v2\/media?parent=89"}],"curies":[{"name":"wp","href":"https:\/\/api.w.org\/{rel}","templated":true}]}}